{"id":122,"date":"2023-08-11T23:59:25","date_gmt":"2023-08-11T21:59:25","guid":{"rendered":"https:\/\/thcpkaufen.de\/?post_type=product&#038;p=122"},"modified":"2023-08-14T18:41:04","modified_gmt":"2023-08-14T16:41:04","slug":"shebbert-thcp","status":"publish","type":"product","link":"https:\/\/thcpkaufen.de\/index.php\/product\/shebbert-thcp\/","title":{"rendered":"Blue sherbet"},"content":{"rendered":"<h2>Tauchen Sie ein in die mystische Fusion von Blue Sherbet mit THC-P Flowers<\/h2>\n<p>Willkommen im zauberhaften Reich der Blue Sherbet x THC-P Flowers von thcpkaufen.de. Diese Premium-Hanfbl\u00fcten versprechen eine beispiellose Rauch-Eskapade f\u00fcr diejenigen, die von den schwer fassbaren Noten von Blue Sherbet verzaubert sind, und f\u00fcr diejenigen, die ein tiefes Gef\u00fchl der Ruhe anstreben. Tauchen Sie tief in die magnetische Umarmung von Blue Sherbet und THC-P Flowers ein und geben Sie sich ihrem einzigartigen Geschmack und ihren beruhigenden Empfindungen hin.<\/p>\n<p><strong>Eine Symphonie der Aromen &#8211; eine Ode an den Gaumen<\/strong><br \/>\nUnsere Blue Sherbet x THC-P Flowers tanzen mit einem exotischen Aromenbouquet, das durch einen Hauch von Blaubeeren und einen subtilen Hauch von Zitrusfr\u00fcchten hervorgehoben wird. Jeder Zug entf\u00fchrt Sie auf eine sensorische Entdeckungsreise und h\u00fcllt Ihre Geschmacksknospen in einen reichhaltigen Wandteppich aus s\u00fc\u00dfen und w\u00fcrzigen Untert\u00f6nen. Lassen Sie sich von der \u00e4therischen Mischung aus s\u00fc\u00dfer Beerenfrucht und w\u00fcrzigem Gefl\u00fcster verf\u00fchren, die die Essenz von Blue Sherbet unwiderstehlich macht.<\/p>\n<p><strong>Gelassenheit und Euphorie &#8211; eine beruhigende Umarmung f\u00fcr Ihre Seele<\/strong><br \/>\nTauchen Sie mit Blue Sherbet x THC-P Flowers in ein Reich der puren Entspannung ein. Diese Knospen wurden mit einer harmonischen Mischung von Hanfverbindungen hergestellt und strahlen eine sanfte, erhebende Aura aus. Befreien Sie sich von der Last des Tages und segeln Sie in einen Ozean der Gelassenheit und Freude, geleitet von den mystischen Pfaden von Blue Sherbet.<\/p>\n<p><strong>Exemplarische Handwerkskunst &#8211; eine neue Erfahrung f\u00fcr Sie<\/strong><br \/>\nUnsere Blue Sherbet x THC-P-Bl\u00fcten, die mit Pr\u00e4zision und Leidenschaft gez\u00fcchtet werden, sind ein Beweis f\u00fcr unser Engagement f\u00fcr Spitzenleistungen. Jede Bl\u00fcte wird von Hand gepfl\u00fcckt, damit Sie die volle Lebendigkeit und Ruhe von Blue Sherbet erleben k\u00f6nnen. Genie\u00dfen Sie eine au\u00dfergew\u00f6hnliche Rauchreise mit unseren unvergleichlichen Blue Sherbet x THC-P-Bl\u00fcten.<\/p>\n<p>Tauchen Sie ein in die \u00e4therische Welt von Blue Sherbet in Kombination mit THC-P Flowers und lassen Sie sich von den fesselnden Aromen und der beruhigenden Umarmung verzaubern. Genie\u00dfe den Luxus von hochwertigem Hanf und lass Dich von der hypnotisierenden Geschmacksreise unserer Blue Sherbet x THC-P Flowers verzaubern.<\/p>\n","protected":false},"excerpt":{"rendered":"<ul>\n<li>THC Gehalt: 0,2%<\/li>\n<li>THC-P Gehalt: 10%<\/li>\n<li>CBD Gehalt: 25%<\/li>\n<\/ul>\n","protected":false},"featured_media":290,"comment_status":"open","ping_status":"closed","template":"","meta":[],"product_cat":[15,18],"product_tag":[],"_links":{"self":[{"href":"https:\/\/thcpkaufen.de\/index.php\/wp-json\/wp\/v2\/product\/122"}],"collection":[{"href":"https:\/\/thcpkaufen.de\/index.php\/wp-json\/wp\/v2\/product"}],"about":[{"href":"https:\/\/thcpkaufen.de\/index.php\/wp-json\/wp\/v2\/types\/product"}],"replies":[{"embeddable":true,"href":"https:\/\/thcpkaufen.de\/index.php\/wp-json\/wp\/v2\/comments?post=122"}],"wp:featuredmedia":[{"embeddable":true,"href":"https:\/\/thcpkaufen.de\/index.php\/wp-json\/wp\/v2\/media\/290"}],"wp:attachment":[{"href":"https:\/\/thcpkaufen.de\/index.php\/wp-json\/wp\/v2\/media?parent=122"}],"wp:term":[{"taxonomy":"product_cat","embeddable":true,"href":"https:\/\/thcpkaufen.de\/index.php\/wp-json\/wp\/v2\/product_cat?post=122"},{"taxonomy":"product_tag","embeddable":true,"href":"https:\/\/thcpkaufen.de\/index.php\/wp-json\/wp\/v2\/product_tag?post=122"}],"curies":[{"name":"wp","href":"https:\/\/api.w.org\/{rel}","templated":true}]}}