{"id":291,"date":"2023-08-12T16:35:52","date_gmt":"2023-08-12T14:35:52","guid":{"rendered":"https:\/\/thcpkaufen.de\/?post_type=product&#038;p=291"},"modified":"2023-08-14T18:41:20","modified_gmt":"2023-08-14T16:41:20","slug":"white-runtz-thc-p-blueten","status":"publish","type":"product","link":"https:\/\/thcpkaufen.de\/index.php\/product\/white-runtz-thc-p-blueten\/","title":{"rendered":"White runtz"},"content":{"rendered":"<h2>Begeben Sie sich auf die himmlische Reise von White Runtz THC-P Flowers<\/h2>\n<p>Die White Runtz THC-P Flowers von thcpkaufen.de &#8211; eine transzendente Verbindung von zarten Aromen und tiefer Entspannung. Die White Runtz THC-P Flowers sind der Hauch von Luxus, den Sie suchen, f\u00fcr alle, die einen raffinierten Gaumen und eine Sehnsucht nach heiterem Genuss haben.<\/p>\n<p><strong>Epicurean Delight &#8211; Ein Fl\u00fcstern der Eleganz der Natur<\/strong><br \/>\nJeder Zug an den White Runtz THC-P Flowers enth\u00fcllt eine Kaskade cremiger Untert\u00f6ne, die durch einen Hauch tropischer Fruchtigkeit erg\u00e4nzt werden. Die exotischen, aber dennoch subtilen Aromen malen ein Meisterwerk der Empfindungen und verzaubern Ihre Sinne mit jeder nuancierten Note. Wenn die sanfte S\u00fc\u00dfe der Vanille mit den lebhaften T\u00f6nen der saftigen Ananas verschmilzt, werden Sie sich in einem Tanz der Aromen verlieren.<\/p>\n<p><strong>Meditative Bliss &#8211; Harmonie f\u00fcr jede Sehne und jeden Gedanken<\/strong><br \/>\nWhite Runtz THC-P Flowers l\u00e4dt Sie zu einem Ort des inneren Friedens ein. Durchdrungen von einer reichhaltigen Mischung aus Hanfbestandteilen, bringen diese Bl\u00fcten Ihren Geist und K\u00f6rper in ein harmonisches Ballett der Entspannung und Introspektion. Entschl\u00fcsseln Sie die Feinheiten Ihrer Gedanken, w\u00e4hrend die sanfte Umarmung von White Runtz Ihren Geist bes\u00e4nftigt.<\/p>\n<p><strong>Handwerkliche Exzellenz &#8211; ein Bekenntnis zu Reinheit und Qualit\u00e4t<\/strong><br \/>\nUnsere White Runtz THC-P-Bl\u00fcten werden mit viel Liebe zum Detail gez\u00fcchtet und sind ein Beweis f\u00fcr unser unerm\u00fcdliches Engagement f\u00fcr Qualit\u00e4t. Jede Knospe ist eine Symphonie aus dem Besten, was die Natur zu bieten hat, und stellt sicher, dass Sie mit jedem Zug die unverf\u00e4lschte Essenz und Ruhe von White Runtz genie\u00dfen k\u00f6nnen.<\/p>\n<p>Setzen Sie die Segel auf den himmlischen Wellen von White Runtz THC-P Flowers und lassen Sie sich von ihren majest\u00e4tischen Aromen und ihrer verj\u00fcngenden Aura mitrei\u00dfen. Treten Sie ein in die Welt des Premium-Hanfs und tauchen Sie ein in den raffinierten Charme unserer White Runtz THC-P Flowers.<\/p>\n","protected":false},"excerpt":{"rendered":"<ul>\n<li>THC Gehalt: 0,2%<\/li>\n<li>THC-P Gehalt: 15%<\/li>\n<li>CBD Gehalt: 25%<\/li>\n<\/ul>\n","protected":false},"featured_media":292,"comment_status":"open","ping_status":"closed","template":"","meta":[],"product_cat":[15,18],"product_tag":[],"_links":{"self":[{"href":"https:\/\/thcpkaufen.de\/index.php\/wp-json\/wp\/v2\/product\/291"}],"collection":[{"href":"https:\/\/thcpkaufen.de\/index.php\/wp-json\/wp\/v2\/product"}],"about":[{"href":"https:\/\/thcpkaufen.de\/index.php\/wp-json\/wp\/v2\/types\/product"}],"replies":[{"embeddable":true,"href":"https:\/\/thcpkaufen.de\/index.php\/wp-json\/wp\/v2\/comments?post=291"}],"wp:featuredmedia":[{"embeddable":true,"href":"https:\/\/thcpkaufen.de\/index.php\/wp-json\/wp\/v2\/media\/292"}],"wp:attachment":[{"href":"https:\/\/thcpkaufen.de\/index.php\/wp-json\/wp\/v2\/media?parent=291"}],"wp:term":[{"taxonomy":"product_cat","embeddable":true,"href":"https:\/\/thcpkaufen.de\/index.php\/wp-json\/wp\/v2\/product_cat?post=291"},{"taxonomy":"product_tag","embeddable":true,"href":"https:\/\/thcpkaufen.de\/index.php\/wp-json\/wp\/v2\/product_tag?post=291"}],"curies":[{"name":"wp","href":"https:\/\/api.w.org\/{rel}","templated":true}]}}