{"id":295,"date":"2023-08-12T16:50:10","date_gmt":"2023-08-12T14:50:10","guid":{"rendered":"https:\/\/thcpkaufen.de\/?post_type=product&#038;p=295"},"modified":"2023-08-14T18:36:49","modified_gmt":"2023-08-14T16:36:49","slug":"blue-zushi-thc-p-blueten","status":"publish","type":"product","link":"https:\/\/thcpkaufen.de\/index.php\/product\/blue-zushi-thc-p-blueten\/","title":{"rendered":"Blue Zushi"},"content":{"rendered":"<h2>Begeben Sie sich auf die mystische Odyssee von Blue Zushi THC-P Flower<\/h2>\n<p><strong>Die Blue Zushi THC-P Flower von thcpkaufen.de<\/strong> &#8211; ein fesselnder Tanz aus azurblauen Tiefen und tiefer Euphorie. F\u00fcr alle, die eine Vorliebe f\u00fcr das Exotische und Au\u00dfergew\u00f6hnliche haben, verspricht die Blue Zushi THC-P Flower eine Eskapade in unerforschte Gefilde sensorischer Pracht.<\/p>\n<p><strong>Eine Palette von Aromen<\/strong> &#8211; die Symphonie der Meere Jeder Zug von Blue Zushi THC-P Flower ist wie ein Eintauchen in einen Ozean von Aromen. Erleben Sie den erfrischenden Ausbruch von tropischen Zitrusfr\u00fcchten, die sich mit subtilen Untert\u00f6nen von k\u00fchler Minze verbinden. Die lebendige Sch\u00e4rfe sonnenverw\u00f6hnter Orangen trifft auf die Gelassenheit frischer Minze und schafft eine Harmonie, die den Geist des Meeres widerspiegelt.<\/p>\n<p><strong>Soothing Waves<\/strong> &#8211; The Embrace of the Azure Lassen Sie sich von Blue Zushi THC-P Flower auf eine ruhige Reise \u00fcber beruhigende Gew\u00e4sser mitnehmen. Tauchen Sie ein in die sanfte Umarmung der Entspannung, in der der Geist frei schwebt und der K\u00f6rper in einen Zustand des friedlichen Gleichgewichts versinkt. Lassen Sie sich von den Flutwellen der beruhigenden Essenz von Blue Zushi umsp\u00fclen, die Ihnen Erholung und Verj\u00fcngung bringt.<\/p>\n<p><strong>Exquisite Handwerkskunst<\/strong> &#8211; der Gipfel der Perfektion Unsere Hingabe an Reinheit und Leidenschaft scheint in jeder Blue Zushi THC-P Bl\u00fcte durch. Mit Pr\u00e4zision kultiviert und mit der Hand eines K\u00fcnstlers kuratiert, gl\u00e4nzt jede Knospe mit dem Versprechen von Qualit\u00e4t, Potenz und einer unvergleichlichen Erfahrung.<\/p>\n<p>Begib Dich auf eine Reise, die \u00fcber das Gew\u00f6hnliche hinausgeht. Mit der Blue Zushi THC-P Flower als Kompass navigieren Sie durch die Weiten des Geschmacks, der Entspannung und der tiefgr\u00fcndigen Eleganz. Tauchen Sie ein in die tiefblaue Anziehungskraft von erstklassigem Hanf und lassen Sie sich von der hypnotisierenden Umarmung unserer Blue Zushi THC-P Flower umh\u00fcllen.<\/p>\n","protected":false},"excerpt":{"rendered":"<ul>\n<li>THC Gehalt: 0,2%<\/li>\n<li>THC-P Gehalt: 30%<\/li>\n<li>CBD Gehalt: 25%<\/li>\n<\/ul>\n","protected":false},"featured_media":297,"comment_status":"open","ping_status":"closed","template":"","meta":[],"product_cat":[15,18],"product_tag":[],"_links":{"self":[{"href":"https:\/\/thcpkaufen.de\/index.php\/wp-json\/wp\/v2\/product\/295"}],"collection":[{"href":"https:\/\/thcpkaufen.de\/index.php\/wp-json\/wp\/v2\/product"}],"about":[{"href":"https:\/\/thcpkaufen.de\/index.php\/wp-json\/wp\/v2\/types\/product"}],"replies":[{"embeddable":true,"href":"https:\/\/thcpkaufen.de\/index.php\/wp-json\/wp\/v2\/comments?post=295"}],"wp:featuredmedia":[{"embeddable":true,"href":"https:\/\/thcpkaufen.de\/index.php\/wp-json\/wp\/v2\/media\/297"}],"wp:attachment":[{"href":"https:\/\/thcpkaufen.de\/index.php\/wp-json\/wp\/v2\/media?parent=295"}],"wp:term":[{"taxonomy":"product_cat","embeddable":true,"href":"https:\/\/thcpkaufen.de\/index.php\/wp-json\/wp\/v2\/product_cat?post=295"},{"taxonomy":"product_tag","embeddable":true,"href":"https:\/\/thcpkaufen.de\/index.php\/wp-json\/wp\/v2\/product_tag?post=295"}],"curies":[{"name":"wp","href":"https:\/\/api.w.org\/{rel}","templated":true}]}}