{"id":299,"date":"2023-08-12T17:18:14","date_gmt":"2023-08-12T15:18:14","guid":{"rendered":"https:\/\/thcpkaufen.de\/?post_type=product&#038;p=299"},"modified":"2023-08-14T18:40:12","modified_gmt":"2023-08-14T16:40:12","slug":"alien-tits-thc-p-blueten","status":"publish","type":"product","link":"https:\/\/thcpkaufen.de\/index.php\/product\/alien-tits-thc-p-blueten\/","title":{"rendered":"Alien Tits"},"content":{"rendered":"<h2>Wagen Sie sich mit Alien Tits THC-P Flower ins Jenseits<\/h2>\n<p>Treten Sie ein in den weiten Kosmos der Empfindungen mit Alien Tits THC-P Flower, die Ihnen von thcpkaufen.de pr\u00e4sentiert wird. Diese einzigartige Sorte \u00fcberschreitet die irdischen Grenzen und bietet eine himmlische Erfahrung, die Sie in unbekannte Galaxien entf\u00fchrt.<\/p>\n<p><strong>Galaktischer Geschmack &#8211; Sternenstaub und Tr\u00e4ume<\/strong><br \/>\nDie Alien Tits THC-P Flower entfaltet mit jedem Atemzug ein Universum von Aromen. Ein Hauch von Meteoritenbeeren vermischt sich mit einem \u00e4therischen Fl\u00fcstern von interstellarer Creme. Jeder Zug ist wie das Einfangen einer Sternschnuppe auf Ihrem Gaumen, eine seltene Kombination aus den wilden Weiten des Weltraums und der beruhigenden Vertrautheit eines Traums.<\/p>\n<p><strong>\u00c4therische Entspannung &#8211; Drifting Amongst Stars<\/strong><br \/>\nLassen Sie die Alien Tits THC-P Blume Ihre Sinne erheben und schwerelos durch den Kosmos schweben. Geben Sie sich der Ruhe der Leere hin, wo irdische Sorgen Lichtjahre entfernt sind und Gelassenheit die unendlichen Weiten erf\u00fcllt.<\/p>\n<p><strong>Stellare Qualit\u00e4t &#8211; kultiviert jenseits des Horizonts<\/strong><br \/>\nUnsere Alien Tits THC-P Blume ist ein Beweis f\u00fcr unser Engagement f\u00fcr interplanetarische Exzellenz. Gez\u00fcchtet unter kosmischem Licht und gen\u00e4hrt mit der Essenz von Nebeln, verspricht jede Knospe eine Qualit\u00e4t, die nicht von dieser Welt ist.<\/p>\n<p>Bereiten Sie sich auf eine Reise wie keine andere vor. Mit Alien Tits THC-P Flower als Ihrem Reisef\u00fchrer, nehmen Sie Kurs auf Konstellationen des Geschmacks, Galaxien der Entspannung und das grenzenlose Universum h\u00f6chster Hanfqualit\u00e4t. Begib Dich auf die ultimative Odyssee mit unserer Alien Tits THC-P Flower und entdecke, was jenseits des Bekannten liegt.<\/p>\n","protected":false},"excerpt":{"rendered":"<ul>\n<li>THC Gehalt: 0,2%<\/li>\n<li>THC-P Gehalt: 38%<\/li>\n<li>CBD Gehalt: 25%<\/li>\n<\/ul>\n","protected":false},"featured_media":300,"comment_status":"open","ping_status":"closed","template":"","meta":[],"product_cat":[15,18],"product_tag":[],"_links":{"self":[{"href":"https:\/\/thcpkaufen.de\/index.php\/wp-json\/wp\/v2\/product\/299"}],"collection":[{"href":"https:\/\/thcpkaufen.de\/index.php\/wp-json\/wp\/v2\/product"}],"about":[{"href":"https:\/\/thcpkaufen.de\/index.php\/wp-json\/wp\/v2\/types\/product"}],"replies":[{"embeddable":true,"href":"https:\/\/thcpkaufen.de\/index.php\/wp-json\/wp\/v2\/comments?post=299"}],"wp:featuredmedia":[{"embeddable":true,"href":"https:\/\/thcpkaufen.de\/index.php\/wp-json\/wp\/v2\/media\/300"}],"wp:attachment":[{"href":"https:\/\/thcpkaufen.de\/index.php\/wp-json\/wp\/v2\/media?parent=299"}],"wp:term":[{"taxonomy":"product_cat","embeddable":true,"href":"https:\/\/thcpkaufen.de\/index.php\/wp-json\/wp\/v2\/product_cat?post=299"},{"taxonomy":"product_tag","embeddable":true,"href":"https:\/\/thcpkaufen.de\/index.php\/wp-json\/wp\/v2\/product_tag?post=299"}],"curies":[{"name":"wp","href":"https:\/\/api.w.org\/{rel}","templated":true}]}}