{"id":404,"date":"2023-08-13T07:53:56","date_gmt":"2023-08-13T05:53:56","guid":{"rendered":"https:\/\/thcpkaufen.de\/?post_type=product&#038;p=404"},"modified":"2023-08-14T19:03:17","modified_gmt":"2023-08-14T17:03:17","slug":"blue-dream-hash","status":"publish","type":"product","link":"https:\/\/thcpkaufen.de\/index.php\/product\/blue-dream-hash\/","title":{"rendered":"Blue Dream Hash"},"content":{"rendered":"<h2>Blue Dream THC-P Haschisch: Ein hypnotisierendes Trugbild aus Aromen und Empfindungen<\/h2>\n<p>Begeben Sie sich auf eine tr\u00e4umerische Reise mit Blue Dream THC-P Hash, exklusiv bei thcpkaufen.de. Dieses exquisite Haschisch tr\u00e4gt ein Verm\u00e4chtnis der tiefen Entspannung mit sich und l\u00e4dt Genie\u00dfer ein, auf Wellen der Ruhe und reinen Euphorie zu segeln.<\/p>\n<p><strong>Azure Aromatics &#8211; Meeresbrisen und verzauberte W\u00e4lder<\/strong><br \/>\nWenn Sie die Schichten des Blue Dream THC-P Hash entschl\u00fcsseln, werden Sie mit D\u00fcften konfrontiert, die an erfrischende Meeresbrisen erinnern, die sich mit der tiefen, mystischen Anziehungskraft alter W\u00e4lder vermischen. Die erste Ber\u00fchrung am Gaumen erinnert an einen taufrischen Morgen, an dem die Welt in saphirfarbene Gelassenheit geh\u00fcllt scheint.<\/p>\n<p><strong>Lustvolle Entspannung &#8211; Auf Wolken der Gelassenheit treiben<\/strong><br \/>\nDie Faszination von Blue Dream THC-P Hash liegt nicht nur in seinem Geschmack, sondern auch in der tiefen Entspannung, die es bietet. Jede Erfahrung f\u00fchlt sich an, als w\u00fcrde man auf den sanftesten azurblauen Wolken schweben und den Stress der Welt in das weite Blau der Ferne entschwinden lassen.<\/p>\n<p><strong>Handwerkliche Exzellenz &#8211; ein Genuss f\u00fcr Tr\u00e4umer<\/strong><br \/>\nUnser Streben nach Perfektion ist in jedem K\u00f6rnchen des Blue Dream THC-P Hash erkennbar. Sorgf\u00e4ltig kuratiert, verarbeitet und konserviert, beh\u00e4lt das Haschisch sein reichhaltiges Terpenprofil und seinen potenten THC-P-Gehalt bei und verspricht ein ebenso best\u00e4ndiges wie au\u00dfergew\u00f6hnliches Erlebnis.<\/p>\n<p>Tauchen Sie mit Blue Dream THC-P Hash tief in die geheimnisvollen Gefilde der Entspannung und des Geschmacks ein. Lassen Sie es die Br\u00fccke zwischen Ihrer Alltagsrealit\u00e4t und der \u00e4therischen Traumwelt sein, nach der Sie sich immer gesehnt haben. Erleben Sie die Magie, die Ruhe und die tr\u00e4umerische Umarmung unseres Blue Dream THC-P Hash.<\/p>\n","protected":false},"excerpt":{"rendered":"<ul>\n<li>THC Gehalt: 0,2%<\/li>\n<li>THC-P Gehalt: 25%<\/li>\n<li>CBD Gehalt: 25%<\/li>\n<\/ul>\n","protected":false},"featured_media":471,"comment_status":"open","ping_status":"closed","template":"","meta":[],"product_cat":[15,19],"product_tag":[],"_links":{"self":[{"href":"https:\/\/thcpkaufen.de\/index.php\/wp-json\/wp\/v2\/product\/404"}],"collection":[{"href":"https:\/\/thcpkaufen.de\/index.php\/wp-json\/wp\/v2\/product"}],"about":[{"href":"https:\/\/thcpkaufen.de\/index.php\/wp-json\/wp\/v2\/types\/product"}],"replies":[{"embeddable":true,"href":"https:\/\/thcpkaufen.de\/index.php\/wp-json\/wp\/v2\/comments?post=404"}],"wp:featuredmedia":[{"embeddable":true,"href":"https:\/\/thcpkaufen.de\/index.php\/wp-json\/wp\/v2\/media\/471"}],"wp:attachment":[{"href":"https:\/\/thcpkaufen.de\/index.php\/wp-json\/wp\/v2\/media?parent=404"}],"wp:term":[{"taxonomy":"product_cat","embeddable":true,"href":"https:\/\/thcpkaufen.de\/index.php\/wp-json\/wp\/v2\/product_cat?post=404"},{"taxonomy":"product_tag","embeddable":true,"href":"https:\/\/thcpkaufen.de\/index.php\/wp-json\/wp\/v2\/product_tag?post=404"}],"curies":[{"name":"wp","href":"https:\/\/api.w.org\/{rel}","templated":true}]}}