{"id":461,"date":"2023-08-13T09:11:39","date_gmt":"2023-08-13T07:11:39","guid":{"rendered":"https:\/\/thcpkaufen.de\/?post_type=product&#038;p=461"},"modified":"2023-08-14T19:07:44","modified_gmt":"2023-08-14T17:07:44","slug":"gelato-hash","status":"publish","type":"product","link":"https:\/\/thcpkaufen.de\/index.php\/product\/gelato-hash\/","title":{"rendered":"Gelato Hash"},"content":{"rendered":"<h2>Gelato THC-P Haschisch: Die epikureische Euphorie der exquisiten Elixiere.<\/h2>\n<p>Treten Sie ein in das berauschende Reich von Gelato THC-P Hash, exklusiv erh\u00e4ltlich bei thcpkaufen.de. Dieses handwerklich hergestellte Haschisch verspricht eine Symphonie der Empfindungen, die die Geschmacksknospen verlockt und die Seele in heitere Sph\u00e4ren des Trostes versetzt.<\/p>\n<p><strong>Kulinarische Chroniken &#8211; wo s\u00fc\u00dfe Sinfonie auf w\u00fcrzige Soireen trifft.<\/strong><br \/>\nDas Eintauchen in die Tiefen von Gelato THC-P Hash f\u00fchlt sich an wie eine Odyssee durch Italiens s\u00fc\u00dfe Gelaterias und schw\u00fcle Sommer. Jeder Zug malt Ihren Gaumen mit einem Hauch von cremigen Desserts, akzentuiert durch w\u00fcrzige Untert\u00f6ne, die an Geschichten von toskanischen Sonnenunterg\u00e4ngen erinnern.<\/p>\n<p><strong>Erheben Sie sich ins Elysium &#8211; eine exquisite Flucht in die Ekstase.<\/strong><br \/>\nDer Zauber von Gelato THC-P Hash liegt nicht nur in seinem himmlischen Geschmack, sondern auch in der sanften Euphorie, die es ausl\u00f6st. Stellen Sie sich vor, Sie werden von toskanischen Wolken umh\u00fcllt, w\u00e4hrend die Welt unter Ihnen in einem harmonischen Dunst verschwindet. Das ist das Versprechen von Gelato.<\/p>\n<p><strong>Crafted with Conviction &#8211; wenn Leidenschaft auf Pr\u00e4zision trifft.<\/strong><br \/>\nUnsere unersch\u00fctterliche Hingabe spiegelt sich in jedem Bissen Gelato THC-P Hash wider. In m\u00fchevoller Kleinarbeit verfeinert und perfektioniert, verk\u00f6rpert das Haschisch sein robustes Terpen-Ensemble und seine gewaltige THC-P-Konzentration und garantiert eine ebenso zuverl\u00e4ssige wie seltene Begegnung.<\/p>\n<p>Begeben Sie sich mit Gelato THC-P Hash auf eine bezaubernde Reise durch Geschm\u00e4cker, Aromen und Gef\u00fchle. Lassen Sie es als Ihr Tor von allt\u00e4glichen Momenten zu dem faszinierenden Mosaik von Erinnerungen dienen, das Sie verdienen. Genie\u00dfen Sie den Reichtum, genie\u00dfen Sie den Trost und lassen Sie sich von der exklusiven Umarmung unseres Gelato THC-P Hash einh\u00fcllen.<\/p>\n","protected":false},"excerpt":{"rendered":"<ul>\n<li>THC Gehalt: 0,2%<\/li>\n<li>THC-P Gehalt: 30%<\/li>\n<li>CBD Gehalt: 25%<\/li>\n<\/ul>\n","protected":false},"featured_media":469,"comment_status":"open","ping_status":"closed","template":"","meta":[],"product_cat":[15,19],"product_tag":[],"_links":{"self":[{"href":"https:\/\/thcpkaufen.de\/index.php\/wp-json\/wp\/v2\/product\/461"}],"collection":[{"href":"https:\/\/thcpkaufen.de\/index.php\/wp-json\/wp\/v2\/product"}],"about":[{"href":"https:\/\/thcpkaufen.de\/index.php\/wp-json\/wp\/v2\/types\/product"}],"replies":[{"embeddable":true,"href":"https:\/\/thcpkaufen.de\/index.php\/wp-json\/wp\/v2\/comments?post=461"}],"wp:featuredmedia":[{"embeddable":true,"href":"https:\/\/thcpkaufen.de\/index.php\/wp-json\/wp\/v2\/media\/469"}],"wp:attachment":[{"href":"https:\/\/thcpkaufen.de\/index.php\/wp-json\/wp\/v2\/media?parent=461"}],"wp:term":[{"taxonomy":"product_cat","embeddable":true,"href":"https:\/\/thcpkaufen.de\/index.php\/wp-json\/wp\/v2\/product_cat?post=461"},{"taxonomy":"product_tag","embeddable":true,"href":"https:\/\/thcpkaufen.de\/index.php\/wp-json\/wp\/v2\/product_tag?post=461"}],"curies":[{"name":"wp","href":"https:\/\/api.w.org\/{rel}","templated":true}]}}