{"id":488,"date":"2023-08-14T19:27:56","date_gmt":"2023-08-14T17:27:56","guid":{"rendered":"https:\/\/thcpkaufen.de\/?post_type=product&#038;p=488"},"modified":"2023-08-14T19:51:38","modified_gmt":"2023-08-14T17:51:38","slug":"strawberry-delight-kartuche","status":"publish","type":"product","link":"https:\/\/thcpkaufen.de\/index.php\/product\/strawberry-delight-kartuche\/","title":{"rendered":"Strawberry Delight Kartuche"},"content":{"rendered":"<h2>Strawberry Delight Kartuche: Eine Symphonie der s\u00fc\u00dfen Heiterkeit<\/h2>\n<p>Umarmen Sie die Essenz des Sommers mit der Strawberry Delight Kartuche von thcpkaufen.de. Diese THC-P-Kartusche verk\u00f6rpert die Quintessenz sonnengereifter Erdbeeren und liefert ein transzendentes Erlebnis, das Ihre Sinne mit den leuchtenden Farben der Natur verw\u00f6hnt.<\/p>\n<p><strong>Luscious Layers &#8211; Das s\u00fc\u00dfe Fl\u00fcstern der Natur<\/strong><br \/>\nJeder Zug aus der Strawberry Delight Kartusche taucht Sie in einen Hauch von frisch gepfl\u00fcckten Erdbeeren, als ob sie direkt von einer sonnenverw\u00f6hnten Wiese gepfl\u00fcckt worden w\u00e4ren. Die s\u00fc\u00dfen Untert\u00f6ne, gepaart mit einem Hauch von S\u00e4ure, schaffen ein Geschmacksprofil, das so erfrischend ist wie eine k\u00fchle Brise an einem warmen Sommertag.<\/p>\n<p><strong>Soothing Spectrum &#8211; Ein mit Beeren angereichertes Gl\u00fccksgef\u00fchl<\/strong><br \/>\nUnsere Patrone nutzt die Kraft von THC-P und geht \u00fcber die k\u00f6stlichen Aromen hinaus. W\u00e4hrend das fruchtige Aroma Sie umh\u00fcllt, folgt eine sanfte Ruhe, die Sie durch Wiesen der Entspannung und T\u00e4ler der Stille f\u00fchrt. Es ist eine Reise der Sinne, bei der jedes Einatmen Trost verspricht und jedes Ausatmen pure Euphorie liefert.<\/p>\n<p><strong>Pr\u00e4zision und Reinheit &#8211; Die Kartuche-Verpflichtung<\/strong><br \/>\nUnsere Strawberry Delight Kartuche ist ein Meisterwerk moderner Extraktionstechniken in Verbindung mit jahrhundertealter Wertsch\u00e4tzung f\u00fcr die Natur. Das hochwertige THC-P-\u00d6l gew\u00e4hrleistet eine gleichm\u00e4\u00dfige Potenz, w\u00e4hrend die fortschrittliche Kartuschentechnologie einen sanften und gleichm\u00e4\u00dfigen Zug garantiert.<\/p>\n<p>Tauchen Sie mit der Strawberry Delight Kartuche in einen Pool voller Beerengl\u00fcckseligkeit ein. Lassen Sie sie zu Ihrem Reisepass f\u00fcr malerische Wiesen werden, wo Entspannung der Rhythmus und Freude die Melodie ist. Jeder Zug ist eine Ode an die Natur, und jeder Moment mit der Strawberry Delight Kartuche ist ein St\u00fcck Sommer, speziell f\u00fcr Sie serviert.<\/p>\n","protected":false},"excerpt":{"rendered":"<ul>\n<li>H4CBD: 40%<\/li>\n<li>CBD: 25%<\/li>\n<li>THC-P: 10%<\/li>\n<li>CBN: 10%<\/li>\n<li>CBG: 10%<\/li>\n<li>Terpene: 5%<\/li>\n<\/ul>\n","protected":false},"featured_media":498,"comment_status":"open","ping_status":"closed","template":"","meta":[],"product_cat":[15,20],"product_tag":[],"_links":{"self":[{"href":"https:\/\/thcpkaufen.de\/index.php\/wp-json\/wp\/v2\/product\/488"}],"collection":[{"href":"https:\/\/thcpkaufen.de\/index.php\/wp-json\/wp\/v2\/product"}],"about":[{"href":"https:\/\/thcpkaufen.de\/index.php\/wp-json\/wp\/v2\/types\/product"}],"replies":[{"embeddable":true,"href":"https:\/\/thcpkaufen.de\/index.php\/wp-json\/wp\/v2\/comments?post=488"}],"wp:featuredmedia":[{"embeddable":true,"href":"https:\/\/thcpkaufen.de\/index.php\/wp-json\/wp\/v2\/media\/498"}],"wp:attachment":[{"href":"https:\/\/thcpkaufen.de\/index.php\/wp-json\/wp\/v2\/media?parent=488"}],"wp:term":[{"taxonomy":"product_cat","embeddable":true,"href":"https:\/\/thcpkaufen.de\/index.php\/wp-json\/wp\/v2\/product_cat?post=488"},{"taxonomy":"product_tag","embeddable":true,"href":"https:\/\/thcpkaufen.de\/index.php\/wp-json\/wp\/v2\/product_tag?post=488"}],"curies":[{"name":"wp","href":"https:\/\/api.w.org\/{rel}","templated":true}]}}