{"id":499,"date":"2023-08-14T19:51:51","date_gmt":"2023-08-14T17:51:51","guid":{"rendered":"https:\/\/thcpkaufen.de\/?post_type=product&#038;p=499"},"modified":"2023-08-14T19:55:07","modified_gmt":"2023-08-14T17:55:07","slug":"cookie-dough-kartuche","status":"publish","type":"product","link":"https:\/\/thcpkaufen.de\/index.php\/product\/cookie-dough-kartuche\/","title":{"rendered":"Cookie Dough Kartuche"},"content":{"rendered":"<h2>Pl\u00e4tzchenteig-Kartusche: Genie\u00dfen Sie den Komfort des h\u00e4uslichen Vergn\u00fcgens<\/h2>\n<p>Treten Sie ein in ein Reich, in dem Nostalgie auf Innovation trifft, mit der Cookie Dough Kartuche von thcpkaufen.de. Diese THC-P Kartusche verk\u00f6rpert das warme, klebrige Gef\u00fchl von rohem Keksteig und webt einen bezaubernden Teppich aus Aromen und Gef\u00fchlen, der an herzerw\u00e4rmende K\u00fcchenerinnerungen erinnert.<\/p>\n<p>Die Cookie Dough Kartuche bietet eine geschmackliche Reise zur\u00fcck zu jenen gesch\u00e4tzten Momenten, in denen man heimlich einen Bissen aus der R\u00fchrsch\u00fcssel nimmt. Seine reichhaltige, buttrige Essenz, die mit einem Hauch von Schokoladensplittern und einem Hauch von Vanille bestreut ist, weckt die Freude an den einfachen Vergn\u00fcgungen vergangener Tage.<\/p>\n<p><strong>Euphorische Umarmung<\/strong> &#8211; Die sanfte Liebkosung von THC-P \u00dcber die k\u00f6stlichen Aromen hinaus taucht die Kartusche tief in die Gelassenheit von THC-P ein. Das beruhigende Aroma von Keksteig umh\u00fcllt Sie, eine Welle der Ruhe umsp\u00fclt Sie und h\u00fcllt Sie sanft in einen Kokon der Ruhe, der an gem\u00fctliche Abende vor dem Kamin erinnert.<\/p>\n<p><strong>Exquisite Exzellenz<\/strong> &#8211; Die Kartuche-Handwerkskunst Jede Cookie Dough Kartuche ist ein Zeugnis unserer Hingabe an Qualit\u00e4t und Authentizit\u00e4t. Das erstklassige THC-P-\u00d6l wird sorgf\u00e4ltig extrahiert, um eine unvergleichliche Potenz zu gew\u00e4hrleisten, w\u00e4hrend unsere hochmoderne Kartuschentechnologie ein unvergleichliches Dampferlebnis verspricht &#8211; sanft, robust und \u00e4u\u00dferst befriedigend.<\/p>\n<p>Tauchen Sie ein in die liebevolle Umarmung der Cookie Dough Kartuche. Lassen Sie sich in ein Heiligtum der s\u00fc\u00dfen Gelassenheit entf\u00fchren, wo jeder Zug eine warme Umarmung ist und jeder Moment eine Erinnerung an die freudige Einfachheit von zu Hause ist.<\/p>\n","protected":false},"excerpt":{"rendered":"<ul>\n<li>H4CBD: 40%<\/li>\n<li>CBD: 25%<\/li>\n<li>THC-P: 10%<\/li>\n<li>CBN: 10%<\/li>\n<li>CBG: 10%<\/li>\n<li>Terpene: 5%<\/li>\n<\/ul>\n","protected":false},"featured_media":498,"comment_status":"open","ping_status":"closed","template":"","meta":[],"product_cat":[15,20],"product_tag":[],"_links":{"self":[{"href":"https:\/\/thcpkaufen.de\/index.php\/wp-json\/wp\/v2\/product\/499"}],"collection":[{"href":"https:\/\/thcpkaufen.de\/index.php\/wp-json\/wp\/v2\/product"}],"about":[{"href":"https:\/\/thcpkaufen.de\/index.php\/wp-json\/wp\/v2\/types\/product"}],"replies":[{"embeddable":true,"href":"https:\/\/thcpkaufen.de\/index.php\/wp-json\/wp\/v2\/comments?post=499"}],"wp:featuredmedia":[{"embeddable":true,"href":"https:\/\/thcpkaufen.de\/index.php\/wp-json\/wp\/v2\/media\/498"}],"wp:attachment":[{"href":"https:\/\/thcpkaufen.de\/index.php\/wp-json\/wp\/v2\/media?parent=499"}],"wp:term":[{"taxonomy":"product_cat","embeddable":true,"href":"https:\/\/thcpkaufen.de\/index.php\/wp-json\/wp\/v2\/product_cat?post=499"},{"taxonomy":"product_tag","embeddable":true,"href":"https:\/\/thcpkaufen.de\/index.php\/wp-json\/wp\/v2\/product_tag?post=499"}],"curies":[{"name":"wp","href":"https:\/\/api.w.org\/{rel}","templated":true}]}}