{"id":502,"date":"2023-08-14T19:55:17","date_gmt":"2023-08-14T17:55:17","guid":{"rendered":"https:\/\/thcpkaufen.de\/?post_type=product&#038;p=502"},"modified":"2023-08-14T20:15:01","modified_gmt":"2023-08-14T18:15:01","slug":"gelato-kartuche","status":"publish","type":"product","link":"https:\/\/thcpkaufen.de\/index.php\/product\/gelato-kartuche\/","title":{"rendered":"Gelato Kartuche"},"content":{"rendered":"<h2>Gelato Kartuche: Eine Symphonie aus italienischer Eleganz und Entspannung<\/h2>\n<p>Enth\u00fcllen Sie ein raffiniertes Dampferlebnis mit der Gelato Kartuche von thcpkaufen.de. Diese Kartusche verbindet die verschwenderischen Aromen klassischer italienischer Gelatos mit der beruhigenden Potenz von THC-P und ist eine Ode an den Kenner feiner Gen\u00fcsse.<\/p>\n<p><strong>Sinnliche Aromen &#8211; Eine italienische Aff\u00e4re<\/strong><br \/>\nInspiriert von den Stra\u00dfen von Florenz und der reichen Tradition des handwerklich hergestellten Gelatos, bietet die Gelato Kartuche einen Tanz von samtiger Cremigkeit, gef\u00e4rbt mit Nuancen von frischen Beeren und einem Hauch von Minze. Jeder Zug aus dem Kartuche erinnert an einen Spaziergang \u00fcber italienische Pl\u00e4tze, voll von Lachen und dem s\u00fc\u00dfen Versprechen von Gelato an einem warmen Tag.<\/p>\n<p><strong>Beruhigende Raffinesse &#8211; Die Kunst der Entspannung<\/strong><br \/>\nMit ihrem luxuri\u00f6sen Geschmacksprofil verf\u00fchrt die Gelato Kartuche nicht nur die Geschmacksknospen. Das unverf\u00e4lschte THC-P sorgt f\u00fcr eine samtige Reise in die Entspannung, so als w\u00fcrde man in einer toskanischen Villa faulenzen, w\u00e4hrend die warme Sonne sanfte, goldene Strahlen auf die Haut wirft.<\/p>\n<p><strong>Der Gipfel der Perfektion &#8211; Kartuche f\u00fcr Genie\u00dfer<\/strong><br \/>\nDie Hingabe von thcpkaufen.de zur Perfektion ist in der Gelato Kartuche sp\u00fcrbar. Durch den Einsatz fortschrittlicher Extraktionstechniken beh\u00e4lt das THC-P-\u00d6l eine unvergleichliche Reinheit und Potenz. Gepaart mit modernster Kartuschentechnologie wird jede Vaping-Session zu einem nahtlosen, reichhaltigen und eindringlichen Erlebnis.<\/p>\n<p>Erh\u00f6hen Sie Ihre Momente der Entspannung mit der Gelato Kartuche. Es ist nicht nur ein Dampferlebnis, es ist eine Reise durch die romantischen Stra\u00dfen Italiens, ein Geschmack des italienischen Erbes und eine Umarmung von la dolce vita.<\/p>\n","protected":false},"excerpt":{"rendered":"<ul>\n<li>H4CBD: 40%<\/li>\n<li>CBD: 25%<\/li>\n<li>THC-P: 10%<\/li>\n<li>CBN: 10%<\/li>\n<li>CBG: 10%<\/li>\n<li>Terpene: 5%<\/li>\n<\/ul>\n","protected":false},"featured_media":498,"comment_status":"open","ping_status":"closed","template":"","meta":[],"product_cat":[15,20],"product_tag":[],"_links":{"self":[{"href":"https:\/\/thcpkaufen.de\/index.php\/wp-json\/wp\/v2\/product\/502"}],"collection":[{"href":"https:\/\/thcpkaufen.de\/index.php\/wp-json\/wp\/v2\/product"}],"about":[{"href":"https:\/\/thcpkaufen.de\/index.php\/wp-json\/wp\/v2\/types\/product"}],"replies":[{"embeddable":true,"href":"https:\/\/thcpkaufen.de\/index.php\/wp-json\/wp\/v2\/comments?post=502"}],"wp:featuredmedia":[{"embeddable":true,"href":"https:\/\/thcpkaufen.de\/index.php\/wp-json\/wp\/v2\/media\/498"}],"wp:attachment":[{"href":"https:\/\/thcpkaufen.de\/index.php\/wp-json\/wp\/v2\/media?parent=502"}],"wp:term":[{"taxonomy":"product_cat","embeddable":true,"href":"https:\/\/thcpkaufen.de\/index.php\/wp-json\/wp\/v2\/product_cat?post=502"},{"taxonomy":"product_tag","embeddable":true,"href":"https:\/\/thcpkaufen.de\/index.php\/wp-json\/wp\/v2\/product_tag?post=502"}],"curies":[{"name":"wp","href":"https:\/\/api.w.org\/{rel}","templated":true}]}}